{"id":304,"date":"2023-02-16T20:09:34","date_gmt":"2023-02-16T19:09:34","guid":{"rendered":"https:\/\/scanlock.cz\/dvanula\/?page_id=304"},"modified":"2023-02-17T15:29:49","modified_gmt":"2023-02-17T14:29:49","slug":"nase_reseni-znacky","status":"publish","type":"page","link":"https:\/\/scanlock.cz\/dvanula\/nase_reseni-znacky\/","title":{"rendered":"Na\u0161e \u0159e\u0161en\u00ed, Zna\u010dky CZ"},"content":{"rendered":"","protected":false},"excerpt":{"rendered":"","protected":false},"author":1,"featured_media":105,"parent":0,"menu_order":0,"comment_status":"closed","ping_status":"closed","template":"","meta":{"footnotes":""},"class_list":["post-304","page","type-page","status-publish","has-post-thumbnail","hentry"],"_links":{"self":[{"href":"https:\/\/scanlock.cz\/dvanula\/wp-json\/wp\/v2\/pages\/304","targetHints":{"allow":["GET"]}}],"collection":[{"href":"https:\/\/scanlock.cz\/dvanula\/wp-json\/wp\/v2\/pages"}],"about":[{"href":"https:\/\/scanlock.cz\/dvanula\/wp-json\/wp\/v2\/types\/page"}],"author":[{"embeddable":true,"href":"https:\/\/scanlock.cz\/dvanula\/wp-json\/wp\/v2\/users\/1"}],"replies":[{"embeddable":true,"href":"https:\/\/scanlock.cz\/dvanula\/wp-json\/wp\/v2\/comments?post=304"}],"version-history":[{"count":2,"href":"https:\/\/scanlock.cz\/dvanula\/wp-json\/wp\/v2\/pages\/304\/revisions"}],"predecessor-version":[{"id":314,"href":"https:\/\/scanlock.cz\/dvanula\/wp-json\/wp\/v2\/pages\/304\/revisions\/314"}],"wp:featuredmedia":[{"embeddable":true,"href":"https:\/\/scanlock.cz\/dvanula\/wp-json\/wp\/v2\/media\/105"}],"wp:attachment":[{"href":"https:\/\/scanlock.cz\/dvanula\/wp-json\/wp\/v2\/media?parent=304"}],"curies":[{"name":"wp","href":"https:\/\/api.w.org\/{rel}","templated":true}]}}