{"id":306,"date":"2023-02-16T20:10:04","date_gmt":"2023-02-16T19:10:04","guid":{"rendered":"https:\/\/scanlock.cz\/dvanula\/?page_id=306"},"modified":"2023-02-16T21:40:30","modified_gmt":"2023-02-16T20:40:30","slug":"nase_reseni-sluzby","status":"publish","type":"page","link":"https:\/\/scanlock.cz\/dvanula\/nase_reseni-sluzby\/","title":{"rendered":"Na\u0161e \u0159e\u0161en\u00ed, Slu\u017eby CZ"},"content":{"rendered":"","protected":false},"excerpt":{"rendered":"","protected":false},"author":1,"featured_media":0,"parent":0,"menu_order":0,"comment_status":"closed","ping_status":"closed","template":"","meta":{"footnotes":""},"class_list":["post-306","page","type-page","status-publish","hentry"],"_links":{"self":[{"href":"https:\/\/scanlock.cz\/dvanula\/wp-json\/wp\/v2\/pages\/306","targetHints":{"allow":["GET"]}}],"collection":[{"href":"https:\/\/scanlock.cz\/dvanula\/wp-json\/wp\/v2\/pages"}],"about":[{"href":"https:\/\/scanlock.cz\/dvanula\/wp-json\/wp\/v2\/types\/page"}],"author":[{"embeddable":true,"href":"https:\/\/scanlock.cz\/dvanula\/wp-json\/wp\/v2\/users\/1"}],"replies":[{"embeddable":true,"href":"https:\/\/scanlock.cz\/dvanula\/wp-json\/wp\/v2\/comments?post=306"}],"version-history":[{"count":1,"href":"https:\/\/scanlock.cz\/dvanula\/wp-json\/wp\/v2\/pages\/306\/revisions"}],"predecessor-version":[{"id":307,"href":"https:\/\/scanlock.cz\/dvanula\/wp-json\/wp\/v2\/pages\/306\/revisions\/307"}],"wp:attachment":[{"href":"https:\/\/scanlock.cz\/dvanula\/wp-json\/wp\/v2\/media?parent=306"}],"curies":[{"name":"wp","href":"https:\/\/api.w.org\/{rel}","templated":true}]}}